{"id":523,"date":"2026-01-13T12:49:03","date_gmt":"2026-01-13T10:49:03","guid":{"rendered":"https:\/\/origamispace.ro\/site\/?page_id=523"},"modified":"2026-04-15T12:27:26","modified_gmt":"2026-04-15T10:27:26","slug":"incepe-aici","status":"publish","type":"page","link":"https:\/\/origamispace.ro\/site\/","title":{"rendered":"Ordine care r\u0103m\u00e2ne. Lini\u0219te care se simte."},"content":{"rendered":"\n<h6 class=\"wp-block-heading has-text-align-center\"><strong>Organizare profesional\u0103 realizat\u0103 cu respect. Sisteme care se potrivesc nevoilor tale.<\/strong><\/h6>\n\n\n\n<div class=\"wp-block-buttons alignwide is-content-justification-center is-layout-flex wp-container-core-buttons-is-layout-a89b3969 wp-block-buttons-is-layout-flex\">\n<div class=\"wp-block-button\"><a class=\"wp-block-button__link wp-element-button\" href=\"https:\/\/wa.me\/40745390861\"><strong>Programeaz\u0103 o discu\u021bie<\/strong><\/a><\/div>\n<\/div>\n\n\n\n<hr class=\"wp-block-separator has-text-color has-ast-global-color-4-color has-alpha-channel-opacity has-ast-global-color-4-background-color has-background\"\/>\n\n\n\n<h6 class=\"wp-block-heading has-background\" style=\"background:linear-gradient(135deg,rgb(202,248,128) 0%,rgb(15,72,24) 89%,rgb(15,72,24) 100%)\"><strong>Dac\u0103 sim\u021bi c\u0103 spa\u021biul t\u0103u te obose\u0219te mai mult dec\u00e2t te ajut\u0103, nu e\u0219ti singur. Poate c\u0103:<\/strong><\/h6>\n\n\n\n<div class=\"wp-block-columns is-layout-flex wp-container-core-columns-is-layout-28f84493 wp-block-columns-is-layout-flex\">\n<div class=\"wp-block-column is-layout-flow wp-block-column-is-layout-flow\" style=\"flex-basis:66.66%\">\n<ul class=\"wp-block-list\">\n<li>ai \u00eencercat de mai multe ori s\u0103 faci ordine, dar nu a \u021binut<\/li>\n\n\n\n<li>sim\u021bi c\u0103 sunt prea multe lucruri \u0219i prea pu\u021bin timp<\/li>\n\n\n\n<li>am\u00e2ni pentru c\u0103 fiecare decizie pare grea<\/li>\n\n\n\n<li>te sim\u021bi vinovat c\u0103 \u201ear trebui s\u0103 te descurci singur\u201d<\/li>\n\n\n\n<li>evi\u021bi s\u0103 la\u0219i pe cineva s\u0103 vad\u0103 dezordinea<\/li>\n\n\n\n<li>nu g\u0103se\u0219ti sistemul de organizare potrivit<\/li>\n\n\n\n<li>te sim\u021bi cople\u0219it de multitudinea de obiecte<\/li>\n<\/ul>\n<\/div>\n\n\n\n<div class=\"wp-block-column is-layout-flow wp-block-column-is-layout-flow\" style=\"flex-basis:44%\">\n<figure class=\"wp-block-image aligncenter size-large\"><img loading=\"lazy\" decoding=\"async\" width=\"1024\" height=\"585\" src=\"https:\/\/origamispace.ro\/site\/wp-content\/uploads\/2025\/12\/Blog1-1024x585.png\" alt=\"\" class=\"wp-image-356\" style=\"aspect-ratio:4\/3;object-fit:cover\" srcset=\"https:\/\/origamispace.ro\/site\/wp-content\/uploads\/2025\/12\/Blog1-1024x585.png 1024w, https:\/\/origamispace.ro\/site\/wp-content\/uploads\/2025\/12\/Blog1-300x171.png 300w, https:\/\/origamispace.ro\/site\/wp-content\/uploads\/2025\/12\/Blog1-768x439.png 768w, https:\/\/origamispace.ro\/site\/wp-content\/uploads\/2025\/12\/Blog1-600x343.png 600w, https:\/\/origamispace.ro\/site\/wp-content\/uploads\/2025\/12\/Blog1.png 1050w\" sizes=\"auto, (max-width: 1024px) 100vw, 1024px\" \/><\/figure>\n<\/div>\n<\/div>\n\n\n\n<h6 class=\"wp-block-heading\"><strong>Atunci c\u00e2nd volumul cre\u0219te \u0219i sistemul lipse\u0219te, e firesc ca ordinea s\u0103 par\u0103 mai greu de ob\u021binut \u0219i de men\u021binut.<\/strong><\/h6>\n\n\n\n<h6 class=\"wp-block-heading has-background\" style=\"background:linear-gradient(135deg,rgb(202,248,128) 0%,rgb(15,72,24) 78%,rgb(113,206,126) 100%)\"><strong>Ce facem diferit la ORiGAMi?<\/strong><\/h6>\n\n\n\n<div class=\"wp-block-columns is-layout-flex wp-container-core-columns-is-layout-28f84493 wp-block-columns-is-layout-flex\">\n<div class=\"wp-block-column is-layout-flow wp-block-column-is-layout-flow\" style=\"flex-basis:33.33%\">\n<figure class=\"wp-block-image size-large\"><img loading=\"lazy\" decoding=\"async\" width=\"1024\" height=\"585\" src=\"https:\/\/origamispace.ro\/site\/wp-content\/uploads\/2025\/07\/Desprenoi1-1024x585.png\" alt=\"\" class=\"wp-image-78\" style=\"aspect-ratio:4\/3;object-fit:cover\" srcset=\"https:\/\/origamispace.ro\/site\/wp-content\/uploads\/2025\/07\/Desprenoi1-1024x585.png 1024w, https:\/\/origamispace.ro\/site\/wp-content\/uploads\/2025\/07\/Desprenoi1-600x343.png 600w, https:\/\/origamispace.ro\/site\/wp-content\/uploads\/2025\/07\/Desprenoi1-300x171.png 300w, https:\/\/origamispace.ro\/site\/wp-content\/uploads\/2025\/07\/Desprenoi1-768x439.png 768w, https:\/\/origamispace.ro\/site\/wp-content\/uploads\/2025\/07\/Desprenoi1.png 1050w\" sizes=\"auto, (max-width: 1024px) 100vw, 1024px\" \/><\/figure>\n<\/div>\n\n\n\n<div class=\"wp-block-column is-layout-flow wp-block-column-is-layout-flow\" style=\"flex-basis:66.66%\">\n<ul class=\"wp-block-list\">\n<li>lucr\u0103m cu respect \u0219i discre\u021bie, f\u0103r\u0103 presiune \u0219i f\u0103r\u0103 judecat\u0103<\/li>\n\n\n\n<li>lu\u0103m deciziile \u00eempreun\u0103, pas cu pas<\/li>\n\n\n\n<li>nu arunc\u0103m nimic f\u0103r\u0103 acordul t\u0103u<\/li>\n\n\n\n<li>construim sisteme practice, func\u021bionale<\/li>\n\n\n\n<li>lucr\u0103m \u00eentotdeauna \u00een echip\u0103, dou\u0103 organizatoare care aduc eficien\u021b\u0103 \u0219i claritate<\/li>\n<\/ul>\n<\/div>\n<\/div>\n\n\n\n<h6 class=\"wp-block-heading\"><strong>La ORiGAMi, organizarea \u00eenseamn\u0103 s\u0103 cre\u0103m sisteme care func\u021bioneaz\u0103, nu doar arat\u0103 bine.<\/strong><\/h6>\n\n\n\n<h6 class=\"wp-block-heading has-background\" style=\"background:linear-gradient(135deg,rgb(202,248,128) 0%,rgb(15,72,24) 90%,rgb(113,206,126) 100%)\"><strong>ORiGAMi este solu\u021bia potrivit\u0103 pentru tine dac\u0103:<\/strong><\/h6>\n\n\n\n<div class=\"wp-block-columns is-layout-flex wp-container-core-columns-is-layout-28f84493 wp-block-columns-is-layout-flex\">\n<div class=\"wp-block-column is-layout-flow wp-block-column-is-layout-flow\" style=\"flex-basis:66.66%\">\n<ul class=\"wp-block-list\">\n<li>sim\u021bi c\u0103 dezordinea \u00ee\u021bi consum\u0103 timp \u0219i energie<\/li>\n\n\n\n<li>ai prea multe lucruri \u0219i nu mai \u0219tii de unde s\u0103 \u00eencepi<\/li>\n\n\n\n<li>ai \u00eencercat s\u0103 faci ordine, dar nu s-a men\u021binut<\/li>\n\n\n\n<li>te mu\u021bi, ai renovat sau treci printr-o schimbare<\/li>\n\n\n\n<li>vrei un spa\u021biu mai clar, mai aerisit \u0219i mai u\u0219or de tr\u0103it<\/li>\n\n\n\n<li>nu e\u0219ti \u00een ora\u0219 sau \u00een \u021bar\u0103, dar \u00ee\u021bi dore\u0219ti sprijin profesionist<\/li>\n<\/ul>\n<\/div>\n\n\n\n<div class=\"wp-block-column is-layout-flow wp-block-column-is-layout-flow\" style=\"flex-basis:33.33%\">\n<figure class=\"wp-block-image size-large\"><img loading=\"lazy\" decoding=\"async\" width=\"1024\" height=\"1024\" src=\"https:\/\/origamispace.ro\/site\/wp-content\/uploads\/2026\/01\/Origami-Instagram-Post-35-1024x1024.png\" alt=\"\" class=\"wp-image-619\" style=\"aspect-ratio:4\/3;object-fit:cover\" srcset=\"https:\/\/origamispace.ro\/site\/wp-content\/uploads\/2026\/01\/Origami-Instagram-Post-35-1024x1024.png 1024w, https:\/\/origamispace.ro\/site\/wp-content\/uploads\/2026\/01\/Origami-Instagram-Post-35-300x300.png 300w, https:\/\/origamispace.ro\/site\/wp-content\/uploads\/2026\/01\/Origami-Instagram-Post-35-150x150.png 150w, https:\/\/origamispace.ro\/site\/wp-content\/uploads\/2026\/01\/Origami-Instagram-Post-35-768x768.png 768w, https:\/\/origamispace.ro\/site\/wp-content\/uploads\/2026\/01\/Origami-Instagram-Post-35-600x600.png 600w, https:\/\/origamispace.ro\/site\/wp-content\/uploads\/2026\/01\/Origami-Instagram-Post-35-100x100.png 100w, https:\/\/origamispace.ro\/site\/wp-content\/uploads\/2026\/01\/Origami-Instagram-Post-35.png 1080w\" sizes=\"auto, (max-width: 1024px) 100vw, 1024px\" \/><\/figure>\n<\/div>\n<\/div>\n\n\n\n<h6 class=\"wp-block-heading\"><strong>Lucr\u0103m \u00eempreun\u0103, cu respect, claritate \u0219i solu\u021bii practice.<\/strong><\/h6>\n\n\n\n<h6 class=\"wp-block-heading has-background\" style=\"background:linear-gradient(135deg,rgb(202,248,128) 0%,rgb(15,72,24) 86%,rgb(113,206,126) 100%)\"><strong>Te putem ajuta atunci c\u00e2nd ai nevoie de:<\/strong><\/h6>\n\n\n\n<div class=\"wp-block-columns is-layout-flex wp-container-core-columns-is-layout-28f84493 wp-block-columns-is-layout-flex\">\n<div class=\"wp-block-column is-layout-flow wp-block-column-is-layout-flow\" style=\"flex-basis:33.33%\">\n<figure class=\"wp-block-image alignwide size-large\"><img loading=\"lazy\" decoding=\"async\" width=\"1024\" height=\"1024\" src=\"https:\/\/origamispace.ro\/site\/wp-content\/uploads\/2026\/01\/Origami-Instagram-Post-36-1024x1024.png\" alt=\"\" class=\"wp-image-621\" srcset=\"https:\/\/origamispace.ro\/site\/wp-content\/uploads\/2026\/01\/Origami-Instagram-Post-36-1024x1024.png 1024w, https:\/\/origamispace.ro\/site\/wp-content\/uploads\/2026\/01\/Origami-Instagram-Post-36-300x300.png 300w, https:\/\/origamispace.ro\/site\/wp-content\/uploads\/2026\/01\/Origami-Instagram-Post-36-150x150.png 150w, https:\/\/origamispace.ro\/site\/wp-content\/uploads\/2026\/01\/Origami-Instagram-Post-36-768x768.png 768w, https:\/\/origamispace.ro\/site\/wp-content\/uploads\/2026\/01\/Origami-Instagram-Post-36-600x600.png 600w, https:\/\/origamispace.ro\/site\/wp-content\/uploads\/2026\/01\/Origami-Instagram-Post-36-100x100.png 100w, https:\/\/origamispace.ro\/site\/wp-content\/uploads\/2026\/01\/Origami-Instagram-Post-36.png 1080w\" sizes=\"auto, (max-width: 1024px) 100vw, 1024px\" \/><\/figure>\n<\/div>\n\n\n\n<div class=\"wp-block-column is-layout-flow wp-block-column-is-layout-flow\" style=\"flex-basis:66.66%\">\n<ul class=\"wp-block-list\">\n<li><strong>Organizarea locuin\u021bei:<\/strong> ne ocup\u0103m de ordine \u00een camere, buc\u0103t\u0103rii, dormitoare, dressinguri, garaje, c\u0103m\u0103ri \u0219i orice col\u021b care te apas\u0103.<\/li>\n\n\n\n<li><strong>Organizare \u00eenainte \u0219i dup\u0103 mutare sau renovare:<\/strong> sort\u0103m, \u00eempachet\u0103m \u0219i etichet\u0103m eficient, dup\u0103 care te ajut\u0103m s\u0103 pui lucrurile la loc cu sens \u0219i logic\u0103, nu doar \u201eunde \u00eencape\u201d.<\/li>\n\n\n\n<li><strong>Consultan\u021b\u0103 online:<\/strong> indiferent unde te afli sau dac\u0103 dore\u0219ti s\u0103 lucrezi \u00een propriul ritm, oferim sesiuni online personalizate cu ghidaj profesionist.<\/li>\n<\/ul>\n<\/div>\n<\/div>\n\n\n\n<h6 class=\"wp-block-heading has-background\" style=\"background:linear-gradient(135deg,rgb(202,248,128) 0%,rgb(15,72,24) 100%)\"><strong>Procesul ORiGAMi este simplu \u0219i sigur<\/strong><\/h6>\n\n\n\n<div class=\"wp-block-columns is-layout-flex wp-container-core-columns-is-layout-28f84493 wp-block-columns-is-layout-flex\">\n<div class=\"wp-block-column is-layout-flow wp-block-column-is-layout-flow\">\n<p class=\"has-ast-global-color-5-background-color has-background\"><strong>Pasul 1 \u2013 Discu\u021bia ini\u021bial\u0103<\/strong><\/p>\n\n\n\n<p>\u00cencepem cu o conversa\u021bie despre tine, spa\u021biul t\u0103u \u0219i ce te apas\u0103 cel mai tare.<\/p>\n\n\n\n<p>Totul este clar de la \u00eenceput, ce facem, c\u00e2t dureaz\u0103, care sunt op\u021biunile.<\/p>\n<\/div>\n\n\n\n<div class=\"wp-block-column is-layout-flow wp-block-column-is-layout-flow\">\n<p class=\"has-ast-global-color-5-background-color has-background\"><strong>Pasul 2 \u2013 Lucr\u0103m \u00eempreun\u0103<\/strong><\/p>\n\n\n\n<p>Sort\u0103m, decidem \u0219i organiz\u0103m \u00eentr-un ritm care \u021bi se potrive\u0219te.<\/p>\n\n\n\n<p>Fiecare obiect cap\u0103t\u0103 un loc logic \u0219i u\u0219or de folosit.<\/p>\n<\/div>\n\n\n\n<div class=\"wp-block-column is-layout-flow wp-block-column-is-layout-flow\">\n<p class=\"has-ast-global-color-5-background-color has-background\"><strong>Pasul 3 \u2013 Sisteme care r\u0103m\u00e2n<\/strong><\/p>\n\n\n\n<p>Construim solu\u021bii u\u0219or de folosit \u0219i de men\u021binut.<\/p>\n\n\n\n<p>Ordinea devine parte din via\u021ba ta, nu o lupt\u0103 continu\u0103.<\/p>\n<\/div>\n<\/div>\n\n\n\n<h6 class=\"wp-block-heading has-background\" style=\"background:linear-gradient(135deg,rgb(202,248,128) 0%,rgb(15,72,24) 87%,rgb(113,206,126) 100%)\">Ce g<strong>aran\u021bii ai dac\u0103 lucrezi cu noi<\/strong><\/h6>\n\n\n\n<div class=\"wp-block-columns is-layout-flex wp-container-core-columns-is-layout-28f84493 wp-block-columns-is-layout-flex\">\n<div class=\"wp-block-column is-layout-flow wp-block-column-is-layout-flow\">\n<h6 class=\"wp-block-heading has-ast-global-color-5-background-color has-background\"><strong><strong>Ordinea care r\u0103m\u00e2ne<\/strong><\/strong><\/h6>\n\n\n\n<p class=\"has-text-align-left\">Dac\u0103 sistemul ORiGAMi este folosit conform instruc\u021biunilor, garant\u0103m men\u021binerea ordinii minimum 3 luni. Sistemele noastre sunt g\u00e2ndite s\u0103 reziste \u00een timp \u0219i s\u0103-\u021bi fac\u0103 via\u021ba mai u\u0219oar\u0103. Dac\u0103 dup\u0103 3 luni ordinea nu func\u021bioneaz\u0103 practic, revenim o or\u0103 gratuit pentru ajustare. La finalul lucr\u0103rii, spa\u021biul t\u0103u va fi vizibil mai aerisit \u0219i mai u\u0219or de folosit. Pentru rezultate de durat\u0103, recomand\u0103m c\u00e2\u021biva pa\u0219i simpli de \u00eentre\u021binere, pe care \u00eei prime\u0219ti la finalul proiectului.<\/p>\n<\/div>\n\n\n\n<div class=\"wp-block-column is-layout-flow wp-block-column-is-layout-flow\">\n<h6 class=\"wp-block-heading has-ast-global-color-5-background-color has-background\"><strong><strong>Experien\u021b\u0103 sigur\u0103 \u0219i clar\u0103<\/strong><\/strong><\/h6>\n\n\n\n<p>Comunicare deschis\u0103, confiden\u021bialitate total\u0103, ofert\u0103 scris\u0103 \u0219i transparent\u0103.<br>La ORiGAMi, fiecare proiect se desf\u0103\u0219oar\u0103 \u00eentr-un cadru calm, discret \u0219i transparent. Trat\u0103m fiecare client cu respect \u0219i spa\u021biile f\u0103r\u0103 judecat\u0103. Nu exist\u0103 locuin\u021b\u0103 \u201eprea dezordonat\u0103\u201d \u0219i nici costuri ascunse. Comunic\u0103m clar \u00eenc\u0103 de la \u00eenceput pa\u0219ii, durata \u0219i costurile, astfel \u00eenc\u00e2t procesul s\u0103 fie previzibil \u0219i lipsit de surprize.&nbsp; &nbsp;<\/p>\n<\/div>\n<\/div>\n\n\n\n<h6 class=\"wp-block-heading\">Dou\u0103 profesioniste bl\u00e2nde transform\u0103 haosul \u00een echilibru durabil. F\u0103r\u0103 ru\u0219ine. F\u0103r\u0103 stres. Cu garan\u021bia unei ordini care r\u0103m\u00e2ne.<\/h6>\n\n\n\n<h6 class=\"wp-block-heading has-background\" style=\"background:linear-gradient(135deg,rgb(202,248,128) 0%,rgb(15,72,24) 90%,rgb(113,206,126) 100%)\"><strong>Dac\u0103 sim\u021bi c\u0103 \u021bi-ar prinde bine un pic de sprijin, suntem aici.<\/strong><\/h6>\n\n\n\n<p class=\"has-ast-global-color-5-background-color has-background\">Ordinea se construie\u0219te pas cu pas, cu sprijin \u0219i \u00een\u021belegere pentru nevoile tale.<br>Decizii mai pu\u021bine, mai mult\u0103 claritate \u0219i mai mult\u0103 u\u0219urin\u021b\u0103 \u00een fiecare zi.<\/p>\n\n\n\n<p><\/p>\n\n\n\n<div class=\"wp-block-buttons alignwide is-content-justification-center is-layout-flex wp-container-core-buttons-is-layout-a89b3969 wp-block-buttons-is-layout-flex\">\n<div class=\"wp-block-button is-style-fill\"><a class=\"wp-block-button__link has-text-align-center wp-element-button\" href=\"https:\/\/wa.me\/40745390861\"><strong>Hai s\u0103 \u00eencepem cu o discu\u021bie!<\/strong><\/a><\/div>\n<\/div>\n\n\n\n<p><\/p>\n","protected":false},"excerpt":{"rendered":"<p>Organizare profesional\u0103 realizat\u0103 cu respect. Sisteme care se potrivesc nevoilor tale. Dac\u0103 sim\u021bi c\u0103 spa\u021biul t\u0103u te obose\u0219te mai mult [&hellip;]<\/p>\n","protected":false},"author":2,"featured_media":485,"parent":0,"menu_order":0,"comment_status":"closed","ping_status":"closed","template":"","meta":{"site-sidebar-layout":"default","site-content-layout":"","ast-site-content-layout":"default","site-content-style":"default","site-sidebar-style":"default","ast-global-header-display":"","ast-banner-title-visibility":"","ast-main-header-display":"","ast-hfb-above-header-display":"","ast-hfb-below-header-display":"","ast-hfb-mobile-header-display":"","site-post-title":"","ast-breadcrumbs-content":"","ast-featured-img":"","footer-sml-layout":"","ast-disable-related-posts":"","theme-transparent-header-meta":"default","adv-header-id-meta":"","stick-header-meta":"","header-above-stick-meta":"","header-main-stick-meta":"","header-below-stick-meta":"","astra-migrate-meta-layouts":"set","ast-page-background-enabled":"default","ast-page-background-meta":{"desktop":{"background-color":"var(--ast-global-color-5)","background-image":"","background-repeat":"repeat","background-position":"center center","background-size":"auto","background-attachment":"scroll","background-type":"","background-media":"","overlay-type":"","overlay-color":"","overlay-opacity":"","overlay-gradient":""},"tablet":{"background-color":"","background-image":"","background-repeat":"repeat","background-position":"center center","background-size":"auto","background-attachment":"scroll","background-type":"","background-media":"","overlay-type":"","overlay-color":"","overlay-opacity":"","overlay-gradient":""},"mobile":{"background-color":"","background-image":"","background-repeat":"repeat","background-position":"center center","background-size":"auto","background-attachment":"scroll","background-type":"","background-media":"","overlay-type":"","overlay-color":"","overlay-opacity":"","overlay-gradient":""}},"ast-content-background-meta":{"desktop":{"background-color":"var(--ast-global-color-4)","background-image":"","background-repeat":"repeat","background-position":"center center","background-size":"auto","background-attachment":"scroll","background-type":"","background-media":"","overlay-type":"","overlay-color":"","overlay-opacity":"","overlay-gradient":""},"tablet":{"background-color":"var(--ast-global-color-4)","background-image":"","background-repeat":"repeat","background-position":"center center","background-size":"auto","background-attachment":"scroll","background-type":"","background-media":"","overlay-type":"","overlay-color":"","overlay-opacity":"","overlay-gradient":""},"mobile":{"background-color":"var(--ast-global-color-4)","background-image":"","background-repeat":"repeat","background-position":"center center","background-size":"auto","background-attachment":"scroll","background-type":"","background-media":"","overlay-type":"","overlay-color":"","overlay-opacity":"","overlay-gradient":""}},"footnotes":""},"class_list":["post-523","page","type-page","status-publish","has-post-thumbnail","hentry"],"_links":{"self":[{"href":"https:\/\/origamispace.ro\/site\/wp-json\/wp\/v2\/pages\/523","targetHints":{"allow":["GET"]}}],"collection":[{"href":"https:\/\/origamispace.ro\/site\/wp-json\/wp\/v2\/pages"}],"about":[{"href":"https:\/\/origamispace.ro\/site\/wp-json\/wp\/v2\/types\/page"}],"author":[{"embeddable":true,"href":"https:\/\/origamispace.ro\/site\/wp-json\/wp\/v2\/users\/2"}],"replies":[{"embeddable":true,"href":"https:\/\/origamispace.ro\/site\/wp-json\/wp\/v2\/comments?post=523"}],"version-history":[{"count":74,"href":"https:\/\/origamispace.ro\/site\/wp-json\/wp\/v2\/pages\/523\/revisions"}],"predecessor-version":[{"id":841,"href":"https:\/\/origamispace.ro\/site\/wp-json\/wp\/v2\/pages\/523\/revisions\/841"}],"wp:featuredmedia":[{"embeddable":true,"href":"https:\/\/origamispace.ro\/site\/wp-json\/wp\/v2\/media\/485"}],"wp:attachment":[{"href":"https:\/\/origamispace.ro\/site\/wp-json\/wp\/v2\/media?parent=523"}],"curies":[{"name":"wp","href":"https:\/\/api.w.org\/{rel}","templated":true}]}}