{"id":379,"date":"2025-12-30T20:43:16","date_gmt":"2025-12-30T18:43:16","guid":{"rendered":"https:\/\/origamispace.ro\/site\/?page_id=379"},"modified":"2026-01-17T18:11:24","modified_gmt":"2026-01-17T16:11:24","slug":"blog","status":"publish","type":"page","link":"https:\/\/origamispace.ro\/site\/blog\/","title":{"rendered":"Blog"},"content":{"rendered":"<ul class=\"wp-block-latest-posts__list wp-block-latest-posts\"><li><div class=\"wp-block-latest-posts__featured-image aligncenter\"><img loading=\"lazy\" decoding=\"async\" width=\"300\" height=\"169\" src=\"https:\/\/origamispace.ro\/site\/wp-content\/uploads\/2026\/02\/Origami-Website-16-300x169.webp\" class=\"attachment-medium size-medium wp-post-image\" alt=\"\" style=\"\" srcset=\"https:\/\/origamispace.ro\/site\/wp-content\/uploads\/2026\/02\/Origami-Website-16-300x169.webp 300w, https:\/\/origamispace.ro\/site\/wp-content\/uploads\/2026\/02\/Origami-Website-16-1024x576.webp 1024w, https:\/\/origamispace.ro\/site\/wp-content\/uploads\/2026\/02\/Origami-Website-16-768x432.webp 768w, https:\/\/origamispace.ro\/site\/wp-content\/uploads\/2026\/02\/Origami-Website-16-1320x742.webp 1320w, https:\/\/origamispace.ro\/site\/wp-content\/uploads\/2026\/02\/Origami-Website-16-600x337.webp 600w, https:\/\/origamispace.ro\/site\/wp-content\/uploads\/2026\/02\/Origami-Website-16.webp 1366w\" sizes=\"auto, (max-width: 300px) 100vw, 300px\" \/><\/div><a class=\"wp-block-latest-posts__post-title\" href=\"https:\/\/origamispace.ro\/site\/ce-este-un-organizator-profesionist-si-cum-iti-poate-transforma-viata\/\">Ce este un organizator profesionist \u0219i cum \u00ee\u021bi poate transforma via\u021ba?<\/a><div class=\"wp-block-latest-posts__post-excerpt\">O cas\u0103 frumoas\u0103 f\u0103r\u0103 funda\u021bie solid\u0103 \u00eencepe, \u00een timp, s\u0103 crape. Po\u021bi vopsi pere\u021bii, po\u021bi schimba mobila, po\u021bi rearanja de c\u00e2te ori vrei, dar dac\u0103 baza nu este stabil\u0103, totul este fragil. La fel este \u0219i cu ordinea. Po\u021bi face cur\u0103\u021benie.Po\u021bi str\u00e2nge.Po\u021bi rearanja. Dar f\u0103r\u0103 structur\u0103, haosul revine. Organizarea profesional\u0103\u2026 <a class=\"wp-block-latest-posts__read-more\" href=\"https:\/\/origamispace.ro\/site\/ce-este-un-organizator-profesionist-si-cum-iti-poate-transforma-viata\/\" rel=\"noopener noreferrer\">Cite\u0219te mai mult<span class=\"screen-reader-text\">: Ce este un organizator profesionist \u0219i cum \u00ee\u021bi poate transforma via\u021ba?<\/span><\/a><\/div><\/li>\n<li><div class=\"wp-block-latest-posts__featured-image aligncenter\"><img loading=\"lazy\" decoding=\"async\" width=\"300\" height=\"169\" src=\"https:\/\/origamispace.ro\/site\/wp-content\/uploads\/2026\/01\/Origami-Website-13-300x169.png\" class=\"attachment-medium size-medium wp-post-image\" alt=\"\" style=\"\" srcset=\"https:\/\/origamispace.ro\/site\/wp-content\/uploads\/2026\/01\/Origami-Website-13-300x169.png 300w, https:\/\/origamispace.ro\/site\/wp-content\/uploads\/2026\/01\/Origami-Website-13-1024x576.png 1024w, https:\/\/origamispace.ro\/site\/wp-content\/uploads\/2026\/01\/Origami-Website-13-768x432.png 768w, https:\/\/origamispace.ro\/site\/wp-content\/uploads\/2026\/01\/Origami-Website-13-1320x742.png 1320w, https:\/\/origamispace.ro\/site\/wp-content\/uploads\/2026\/01\/Origami-Website-13-600x337.png 600w, https:\/\/origamispace.ro\/site\/wp-content\/uploads\/2026\/01\/Origami-Website-13.png 1366w\" sizes=\"auto, (max-width: 300px) 100vw, 300px\" \/><\/div><a class=\"wp-block-latest-posts__post-title\" href=\"https:\/\/origamispace.ro\/site\/blogul-zilei\/\">Ordine, cur\u0103\u021benie \u0219i organizare<\/a><div class=\"wp-block-latest-posts__post-excerpt\">Care este diferen\u021ba dintre ordine, cur\u0103\u021benie \u0219i organizare? \u00cen conversa\u021biile cu clien\u021bii no\u0219tri, apare frecvent aceea\u0219i \u00eentrebare, uneori spus\u0103 direct, alteori doar sugerat\u0103: \u201eDar nu e acela\u0219i lucru?\u201d Ordine, cur\u0103\u021benie, organizare &#8211; folosim aceste cuvinte aproape interschimbabil, ca \u0219i cum ar \u00eensemna acela\u0219i lucru. \u00cen realitate, ele descriu lucruri diferite,\u2026 <a class=\"wp-block-latest-posts__read-more\" href=\"https:\/\/origamispace.ro\/site\/blogul-zilei\/\" rel=\"noopener noreferrer\">Cite\u0219te mai mult<span class=\"screen-reader-text\">: Ordine, cur\u0103\u021benie \u0219i organizare<\/span><\/a><\/div><\/li>\n<li><div class=\"wp-block-latest-posts__featured-image aligncenter\"><img loading=\"lazy\" decoding=\"async\" width=\"300\" height=\"169\" src=\"https:\/\/origamispace.ro\/site\/wp-content\/uploads\/2025\/06\/Origami-Website-7-300x169.png\" class=\"attachment-medium size-medium wp-post-image\" alt=\"\" style=\"\" srcset=\"https:\/\/origamispace.ro\/site\/wp-content\/uploads\/2025\/06\/Origami-Website-7-300x169.png 300w, https:\/\/origamispace.ro\/site\/wp-content\/uploads\/2025\/06\/Origami-Website-7-1024x576.png 1024w, https:\/\/origamispace.ro\/site\/wp-content\/uploads\/2025\/06\/Origami-Website-7-768x432.png 768w, https:\/\/origamispace.ro\/site\/wp-content\/uploads\/2025\/06\/Origami-Website-7-1320x742.png 1320w, https:\/\/origamispace.ro\/site\/wp-content\/uploads\/2025\/06\/Origami-Website-7-600x337.png 600w, https:\/\/origamispace.ro\/site\/wp-content\/uploads\/2025\/06\/Origami-Website-7.png 1366w\" sizes=\"auto, (max-width: 300px) 100vw, 300px\" \/><\/div><a class=\"wp-block-latest-posts__post-title\" href=\"https:\/\/origamispace.ro\/site\/desprenoi\/\">Bine ai venit pe blogul ORiGAMi<\/a><div class=\"wp-block-latest-posts__post-excerpt\">Ai sim\u021bit vreodat\u0103 c\u0103 te sufoc\u0103 lucrurile din jurul t\u0103u? C\u0103 deschizi dulapul cu fric\u0103 s\u0103 nu-\u021bi cad\u0103 ceva \u00een cap? C\u0103 sertarul cu \u201ede toate\u201d nu mai con\u021bine nimic folositor? Atunci blogul ORiGAMi e pentru tine. Suntem Erna \u0219i Ilona, organizatori profesioni\u0219ti \u00een Cluj-Napoca. Aici, pe blog, adun\u0103m idei\u2026 <a class=\"wp-block-latest-posts__read-more\" href=\"https:\/\/origamispace.ro\/site\/desprenoi\/\" rel=\"noopener noreferrer\">Cite\u0219te mai mult<span class=\"screen-reader-text\">: Bine ai venit pe blogul ORiGAMi<\/span><\/a><\/div><\/li>\n<\/ul>\n\n\n<p><\/p>\n","protected":false},"excerpt":{"rendered":"","protected":false},"author":1,"featured_media":431,"parent":0,"menu_order":0,"comment_status":"closed","ping_status":"closed","template":"","meta":{"site-sidebar-layout":"default","site-content-layout":"","ast-site-content-layout":"default","site-content-style":"default","site-sidebar-style":"default","ast-global-header-display":"","ast-banner-title-visibility":"","ast-main-header-display":"","ast-hfb-above-header-display":"","ast-hfb-below-header-display":"","ast-hfb-mobile-header-display":"","site-post-title":"","ast-breadcrumbs-content":"","ast-featured-img":"","footer-sml-layout":"","ast-disable-related-posts":"","theme-transparent-header-meta":"","adv-header-id-meta":"","stick-header-meta":"","header-above-stick-meta":"","header-main-stick-meta":"","header-below-stick-meta":"","astra-migrate-meta-layouts":"default","ast-page-background-enabled":"default","ast-page-background-meta":{"desktop":{"background-color":"var(--ast-global-color-5)","background-image":"","background-repeat":"repeat","background-position":"center center","background-size":"auto","background-attachment":"scroll","background-type":"","background-media":"","overlay-type":"","overlay-color":"","overlay-opacity":"","overlay-gradient":""},"tablet":{"background-color":"","background-image":"","background-repeat":"repeat","background-position":"center center","background-size":"auto","background-attachment":"scroll","background-type":"","background-media":"","overlay-type":"","overlay-color":"","overlay-opacity":"","overlay-gradient":""},"mobile":{"background-color":"","background-image":"","background-repeat":"repeat","background-position":"center center","background-size":"auto","background-attachment":"scroll","background-type":"","background-media":"","overlay-type":"","overlay-color":"","overlay-opacity":"","overlay-gradient":""}},"ast-content-background-meta":{"desktop":{"background-color":"var(--ast-global-color-4)","background-image":"","background-repeat":"repeat","background-position":"center center","background-size":"auto","background-attachment":"scroll","background-type":"","background-media":"","overlay-type":"","overlay-color":"","overlay-opacity":"","overlay-gradient":""},"tablet":{"background-color":"var(--ast-global-color-4)","background-image":"","background-repeat":"repeat","background-position":"center center","background-size":"auto","background-attachment":"scroll","background-type":"","background-media":"","overlay-type":"","overlay-color":"","overlay-opacity":"","overlay-gradient":""},"mobile":{"background-color":"var(--ast-global-color-4)","background-image":"","background-repeat":"repeat","background-position":"center center","background-size":"auto","background-attachment":"scroll","background-type":"","background-media":"","overlay-type":"","overlay-color":"","overlay-opacity":"","overlay-gradient":""}},"footnotes":""},"class_list":["post-379","page","type-page","status-publish","has-post-thumbnail","hentry"],"_links":{"self":[{"href":"https:\/\/origamispace.ro\/site\/wp-json\/wp\/v2\/pages\/379","targetHints":{"allow":["GET"]}}],"collection":[{"href":"https:\/\/origamispace.ro\/site\/wp-json\/wp\/v2\/pages"}],"about":[{"href":"https:\/\/origamispace.ro\/site\/wp-json\/wp\/v2\/types\/page"}],"author":[{"embeddable":true,"href":"https:\/\/origamispace.ro\/site\/wp-json\/wp\/v2\/users\/1"}],"replies":[{"embeddable":true,"href":"https:\/\/origamispace.ro\/site\/wp-json\/wp\/v2\/comments?post=379"}],"version-history":[{"count":7,"href":"https:\/\/origamispace.ro\/site\/wp-json\/wp\/v2\/pages\/379\/revisions"}],"predecessor-version":[{"id":663,"href":"https:\/\/origamispace.ro\/site\/wp-json\/wp\/v2\/pages\/379\/revisions\/663"}],"wp:featuredmedia":[{"embeddable":true,"href":"https:\/\/origamispace.ro\/site\/wp-json\/wp\/v2\/media\/431"}],"wp:attachment":[{"href":"https:\/\/origamispace.ro\/site\/wp-json\/wp\/v2\/media?parent=379"}],"curies":[{"name":"wp","href":"https:\/\/api.w.org\/{rel}","templated":true}]}}