{"id":2,"date":"2025-06-25T12:27:04","date_gmt":"2025-06-25T12:27:04","guid":{"rendered":"https:\/\/origamispace.ro\/site\/?page_id=2"},"modified":"2026-02-23T12:21:58","modified_gmt":"2026-02-23T10:21:58","slug":"despre-origami","status":"publish","type":"page","link":"https:\/\/origamispace.ro\/site\/despre-origami\/","title":{"rendered":"Despre ORiGAMi"},"content":{"rendered":"\n<p>Bine ai venit \u00een lumea ORiGAMi, locul unde haosul se transform\u0103 \u00een armonie, iar organizarea devine prietenul t\u0103u de n\u0103dejde!<\/p>\n\n\n\n<p><strong>Suntem Erna \u0219i Ilona<\/strong>, dou\u0103 prietene, mame \u0219i profesioniste pasionate de organizare. Ne-am \u00eent\u00e2lnit \u00een parc, discut\u00e2nd despre copii, dar ne-am conectat imediat printr-o dragoste comun\u0103 pentru ordine, claritate \u0219i sisteme care func\u021bioneaz\u0103. Cu timpul, aceast\u0103 pasiune s-a transformat \u00eentr-un serviciu profesional, n\u0103scut din dorin\u021ba de a-i ajuta pe ceilal\u021bi s\u0103-\u0219i recapete spa\u021biul, timpul \u0219i lini\u0219tea.<\/p>\n\n\n\n<p>La <strong>ORiGAMi<\/strong>, credem c\u0103 organizarea nu este despre perfec\u021biune, ci despre func\u021bionalitate \u0219i echilibru. Este despre a crea spa\u021bii care sprijin\u0103 via\u021ba real\u0103 acas\u0103, la birou, \u00eentr-o cafenea sau \u00eentr-un depozit. Fiecare col\u021b organizat este o decizie con\u0219tient\u0103, un pas spre mai pu\u021bin stres \u0219i mai mult\u0103 libertate.<\/p>\n\n\n\n<p>Ne ocup\u0103m de dulapuri, camere, buc\u0103t\u0103rii, birouri, mut\u0103ri \u0219i spa\u021bii comerciale. Concepem sisteme clare, personalizate \u0219i sustenabile, g\u00e2ndite pentru a rezista \u00een timp \u0219i adaptate rutinei tale.<\/p>\n\n\n\n<p>Numele <strong>ORiGAMi <\/strong>vine din arta japonez\u0103 a \u00eemp\u0103turirii h\u00e2rtiei \u0219i din ideea de \u201eorganize me\u201d, dorin\u021ba simpl\u0103 de a aduce ordine \u0219i sens \u00eentr-un spa\u021biu cople\u0219itor. A\u0219a cum \u00een origami fiecare pliu are un scop, \u0219i noi construim ordine din pa\u0219i mici, dar preci\u0219i, aduc\u00e2nd form\u0103 \u0219i sens din ceea ce pare haotic.<\/p>\n\n\n\n<div class=\"wp-block-columns is-layout-flex wp-container-core-columns-is-layout-28f84493 wp-block-columns-is-layout-flex\">\n<div class=\"wp-block-column is-layout-flow wp-block-column-is-layout-flow\" style=\"border-width:1px;padding-top:12px;padding-right:12px;padding-bottom:12px;padding-left:12px\">\n<p class=\"has-ast-global-color-4-color has-ast-global-color-0-background-color has-text-color has-background has-link-color wp-elements-f66118dd1bd6d6e6a95b2e7f2deb671c\" style=\"font-size:20px\"><strong>MiSiUNE<\/strong><\/p>\n\n\n\n<p>Misiunea noastr\u0103 este s\u0103 ajut\u0103m oameni \u0219i organiza\u021bii s\u0103 transforme haosul \u00een claritate, prin organizare func\u021bional\u0103, sustenabil\u0103 \u0219i adaptat\u0103 stilului de via\u021b\u0103 sau de lucru.<\/p>\n\n\n\n<p>Construim sisteme de organizare care sprijin\u0103 rolul \u0219i func\u021bionalitatea fiec\u0103rui spa\u021biu, fie c\u0103 este vorba despre o locuin\u021b\u0103, un birou, o cafenea sau un depozit.<\/p>\n\n\n\n<p>Credem c\u0103 ordinea nu \u00eenseamn\u0103 perfec\u021biune, ci eficien\u021b\u0103, economie de resurse \u0219i o stare de bine durabil\u0103, acas\u0103 sau la locul de munc\u0103.<\/p>\n<\/div>\n\n\n\n<div class=\"wp-block-column is-layout-flow wp-block-column-is-layout-flow\" style=\"border-width:1px;padding-top:12px;padding-right:12px;padding-bottom:12px;padding-left:12px\">\n<p class=\"has-ast-global-color-4-color has-ast-global-color-0-background-color has-text-color has-background has-link-color wp-elements-67de8b78aebeb741b320df137f7a3061\" style=\"font-size:20px\"><strong>ViZiUNE<\/strong><\/p>\n\n\n\n<p>Ne dorim o lume \u00een care spa\u021biile &#8211; fie ele case, birouri, buc\u0103t\u0103rii sau depozite &#8211; func\u021bioneaz\u0103 \u00een sprijinul celor care le folosesc. Credem c\u0103 organizarea eficient\u0103 elibereaz\u0103 timp, reduce stresul \u0219i sus\u021bine productivitatea, starea de bine \u0219i sustenabilitatea.<\/p>\n\n\n\n<p>Prin munca noastr\u0103, vrem s\u0103 inspir\u0103m decizii con\u0219tiente legate de obiecte, spa\u021biu \u0219i rutin\u0103, oferind sisteme clare \u0219i u\u0219or de men\u021binut, indiferent dac\u0103 este vorba de o familie sau o echip\u0103 de lucru.<\/p>\n\n\n\n<p>ORiGAMi este despre a crea ordine care se simte \u00een g\u00e2nduri, \u00een activit\u0103\u021bi, \u00een vie\u021bi.<\/p>\n<\/div>\n<\/div>\n\n\n\n<div class=\"wp-block-columns is-layout-flex wp-container-core-columns-is-layout-28f84493 wp-block-columns-is-layout-flex\">\n<div class=\"wp-block-column is-layout-flow wp-block-column-is-layout-flow\" style=\"border-width:1px;padding-top:12px;padding-right:12px;padding-bottom:12px;padding-left:12px\">\n<p class=\"has-ast-global-color-4-color has-ast-global-color-0-background-color has-text-color has-background has-link-color wp-elements-030dea4fd49b96dbdb5b917c01cd0e30\" style=\"font-size:20px\"><strong>VALORi<\/strong><\/p>\n\n\n\n<ol class=\"wp-block-list\">\n<li><strong>Ordine care r\u0103m\u00e2ne. Claritate pentru spa\u021biu. Lini\u0219te pentru tine.<\/strong><\/li>\n<\/ol>\n\n\n\n<p>Nu venim doar s\u0103 aranj\u0103m lucrurile, ci cre\u0103m sisteme de organizare potrivite stilului t\u0103u de via\u021b\u0103 care sunt u\u0219or de folosit \u0219i se men\u021bin \u00een mod natural luni de zile.<br><strong>Rezultatul:<\/strong> c\u00e2\u0219tigi timp, respiri mai u\u0219or, \u00ee\u021bi recape\u021bi controlul asupra casei \u0219i a min\u021bii.<\/p>\n\n\n\n<ol start=\"2\" class=\"wp-block-list\">\n<li><strong>&nbsp;Dou\u0103 profesioniste. Rezultat dublu, timp salvat.<\/strong><\/li>\n<\/ol>\n\n\n\n<p>Lucr\u0103m mereu \u00een echip\u0103, dou\u0103 organizatoare complementare care transform\u0103 spa\u021biul eficient \u0219i cu aten\u021bie la detalii.<br><strong>Rezultatul<\/strong><em>:<\/em> lucr\u0103rile dureaz\u0103 cu p\u00e2n\u0103 la 90% mai pu\u021bin, iar tu vezi diferen\u021ba vizibil mai repede.<\/p>\n\n\n\n<ol start=\"3\" class=\"wp-block-list\">\n<li><strong>&nbsp;F\u0103r\u0103 ru\u0219ine, f\u0103r\u0103 presiune, doar transformare bl\u00e2nd\u0103.<\/strong><\/li>\n<\/ol>\n\n\n\n<p>\u0218tim c\u0103 dezordinea poate veni cu ru\u0219ine, stres sau epuizare. C\u00e2nd lucrezi cu noi, te sim\u021bi ascultat \u0219i \u00een\u021beles.<br><strong>Rezultatul:<\/strong> proces calm, sigur \u0219i eliberator, te sim\u021bi sprijinit, nu evaluat.<\/p>\n\n\n\n<ol start=\"4\" class=\"wp-block-list\">\n<li><strong>&nbsp;Sisteme care lucreaz\u0103 pentru tine, nu \u00eempotriva ta.<\/strong><\/li>\n<\/ol>\n\n\n\n<p>Fiecare solu\u021bie e g\u00e2ndit\u0103 practic, pentru realitatea familiei tale, nu pe estetica de Instagram, nu pentru poze perfecte.<br><strong>Rezultatul: <\/strong>ordinea se men\u021bine firesc, f\u0103r\u0103 efort chiar \u0219i cu copii, munc\u0103 sau un program \u00eenc\u0103rcat.<\/p>\n\n\n\n<ol start=\"5\" class=\"wp-block-list\">\n<li><strong>&nbsp;Decluttering cu sens, ordine \u00een cas\u0103, impact \u00een lume.<\/strong><\/li>\n<\/ol>\n\n\n\n<p>Colabor\u0103m cu asocia\u021bii locale pentru a redirec\u021biona c\u0103tre familii, gr\u0103dini\u021be sau oameni care au nevoie lucrurile de care te despar\u021bi.<br><strong>Rezultatul:<\/strong> transformarea ta aduce bucurie \u0219i altora.<\/p>\n<\/div>\n<\/div>\n\n\n\n<h3 class=\"wp-block-heading has-ast-global-color-4-color has-ast-global-color-0-background-color has-text-color has-background has-link-color has-medium-font-size wp-elements-31b83ae13ab09b05c859f850eb3f9b67\">Ce spun clien\u021bii<\/h3>\n\n\n\n<div class=\"wp-block-columns is-layout-flex wp-container-core-columns-is-layout-28f84493 wp-block-columns-is-layout-flex\">\n<div class=\"wp-block-column is-layout-flow wp-block-column-is-layout-flow\">\n<figure class=\"wp-block-image size-large\"><img loading=\"lazy\" decoding=\"async\" width=\"819\" height=\"1024\" src=\"https:\/\/origamispace.ro\/site\/wp-content\/uploads\/2026\/02\/Origami-1080-x-1350-px-2026-02-23T122128.739-819x1024.png\" alt=\"\" class=\"wp-image-804\" srcset=\"https:\/\/origamispace.ro\/site\/wp-content\/uploads\/2026\/02\/Origami-1080-x-1350-px-2026-02-23T122128.739-819x1024.png 819w, https:\/\/origamispace.ro\/site\/wp-content\/uploads\/2026\/02\/Origami-1080-x-1350-px-2026-02-23T122128.739-240x300.png 240w, https:\/\/origamispace.ro\/site\/wp-content\/uploads\/2026\/02\/Origami-1080-x-1350-px-2026-02-23T122128.739-768x960.png 768w, https:\/\/origamispace.ro\/site\/wp-content\/uploads\/2026\/02\/Origami-1080-x-1350-px-2026-02-23T122128.739-600x750.png 600w, https:\/\/origamispace.ro\/site\/wp-content\/uploads\/2026\/02\/Origami-1080-x-1350-px-2026-02-23T122128.739.png 1080w\" sizes=\"auto, (max-width: 819px) 100vw, 819px\" \/><\/figure>\n<\/div>\n\n\n\n<div class=\"wp-block-column is-layout-flow wp-block-column-is-layout-flow\">\n<figure class=\"wp-block-image size-large\"><img loading=\"lazy\" decoding=\"async\" width=\"819\" height=\"1024\" src=\"https:\/\/origamispace.ro\/site\/wp-content\/uploads\/2026\/02\/30-819x1024.png\" alt=\"\" class=\"wp-image-791\" srcset=\"https:\/\/origamispace.ro\/site\/wp-content\/uploads\/2026\/02\/30-819x1024.png 819w, https:\/\/origamispace.ro\/site\/wp-content\/uploads\/2026\/02\/30-240x300.png 240w, https:\/\/origamispace.ro\/site\/wp-content\/uploads\/2026\/02\/30-768x960.png 768w, https:\/\/origamispace.ro\/site\/wp-content\/uploads\/2026\/02\/30-600x750.png 600w, https:\/\/origamispace.ro\/site\/wp-content\/uploads\/2026\/02\/30.png 1080w\" sizes=\"auto, (max-width: 819px) 100vw, 819px\" \/><\/figure>\n<\/div>\n\n\n\n<div class=\"wp-block-column is-layout-flow wp-block-column-is-layout-flow\">\n<figure class=\"wp-block-image size-large\"><img loading=\"lazy\" decoding=\"async\" width=\"819\" height=\"1024\" src=\"https:\/\/origamispace.ro\/site\/wp-content\/uploads\/2026\/02\/31-819x1024.png\" alt=\"\" class=\"wp-image-792\" srcset=\"https:\/\/origamispace.ro\/site\/wp-content\/uploads\/2026\/02\/31-819x1024.png 819w, https:\/\/origamispace.ro\/site\/wp-content\/uploads\/2026\/02\/31-240x300.png 240w, https:\/\/origamispace.ro\/site\/wp-content\/uploads\/2026\/02\/31-768x960.png 768w, https:\/\/origamispace.ro\/site\/wp-content\/uploads\/2026\/02\/31-600x750.png 600w, https:\/\/origamispace.ro\/site\/wp-content\/uploads\/2026\/02\/31.png 1080w\" sizes=\"auto, (max-width: 819px) 100vw, 819px\" \/><\/figure>\n<\/div>\n<\/div>\n\n\n\n<div class=\"wp-block-columns is-layout-flex wp-container-core-columns-is-layout-28f84493 wp-block-columns-is-layout-flex\">\n<div class=\"wp-block-column is-layout-flow wp-block-column-is-layout-flow\">\n<figure class=\"wp-block-image size-large\"><img loading=\"lazy\" decoding=\"async\" width=\"819\" height=\"1024\" src=\"https:\/\/origamispace.ro\/site\/wp-content\/uploads\/2026\/02\/33-819x1024.png\" alt=\"\" class=\"wp-image-795\" srcset=\"https:\/\/origamispace.ro\/site\/wp-content\/uploads\/2026\/02\/33-819x1024.png 819w, https:\/\/origamispace.ro\/site\/wp-content\/uploads\/2026\/02\/33-240x300.png 240w, https:\/\/origamispace.ro\/site\/wp-content\/uploads\/2026\/02\/33-768x960.png 768w, https:\/\/origamispace.ro\/site\/wp-content\/uploads\/2026\/02\/33-600x750.png 600w, https:\/\/origamispace.ro\/site\/wp-content\/uploads\/2026\/02\/33.png 1080w\" sizes=\"auto, (max-width: 819px) 100vw, 819px\" \/><\/figure>\n<\/div>\n\n\n\n<div class=\"wp-block-column is-layout-flow wp-block-column-is-layout-flow\">\n<figure class=\"wp-block-image size-large\"><img loading=\"lazy\" decoding=\"async\" width=\"819\" height=\"1024\" src=\"https:\/\/origamispace.ro\/site\/wp-content\/uploads\/2026\/02\/34-1-819x1024.png\" alt=\"\" class=\"wp-image-798\" srcset=\"https:\/\/origamispace.ro\/site\/wp-content\/uploads\/2026\/02\/34-1-819x1024.png 819w, https:\/\/origamispace.ro\/site\/wp-content\/uploads\/2026\/02\/34-1-240x300.png 240w, https:\/\/origamispace.ro\/site\/wp-content\/uploads\/2026\/02\/34-1-768x960.png 768w, https:\/\/origamispace.ro\/site\/wp-content\/uploads\/2026\/02\/34-1-600x750.png 600w, https:\/\/origamispace.ro\/site\/wp-content\/uploads\/2026\/02\/34-1.png 1080w\" sizes=\"auto, (max-width: 819px) 100vw, 819px\" \/><\/figure>\n<\/div>\n\n\n\n<div class=\"wp-block-column is-layout-flow wp-block-column-is-layout-flow\">\n<figure class=\"wp-block-image size-large\"><img loading=\"lazy\" decoding=\"async\" width=\"819\" height=\"1024\" src=\"https:\/\/origamispace.ro\/site\/wp-content\/uploads\/2026\/02\/35-1-819x1024.png\" alt=\"\" class=\"wp-image-799\" srcset=\"https:\/\/origamispace.ro\/site\/wp-content\/uploads\/2026\/02\/35-1-819x1024.png 819w, https:\/\/origamispace.ro\/site\/wp-content\/uploads\/2026\/02\/35-1-240x300.png 240w, https:\/\/origamispace.ro\/site\/wp-content\/uploads\/2026\/02\/35-1-768x960.png 768w, https:\/\/origamispace.ro\/site\/wp-content\/uploads\/2026\/02\/35-1-600x750.png 600w, https:\/\/origamispace.ro\/site\/wp-content\/uploads\/2026\/02\/35-1.png 1080w\" sizes=\"auto, (max-width: 819px) 100vw, 819px\" \/><\/figure>\n<\/div>\n<\/div>\n\n\n\n<p class=\"has-text-align-center has-ast-global-color-5-background-color has-background\"><strong>Ne g\u0103se\u0219ti \u00een Cluj \u0219i \u00eemprejurimi, dar accept\u0103m \u0219i proiecte speciale \u00een alte ora\u0219e sau online. <br>Dac\u0103 ai un spa\u021biu care are nevoie de ordine \u0219i sens, suntem aici<\/strong>.<\/p>\n\n\n\n<p><\/p>\n\n\n\n<div class=\"wp-block-buttons alignwide is-content-justification-center is-layout-flex wp-container-core-buttons-is-layout-a89b3969 wp-block-buttons-is-layout-flex\">\n<div class=\"wp-block-button\"><a class=\"wp-block-button__link wp-element-button\" href=\"https:\/\/wa.me\/40745390861\"><strong>Contacteaz\u0103-ne<\/strong><\/a><\/div>\n<\/div>\n\n\n\n<p class=\"has-text-align-center\"><strong> &#8230;\u0219i descoper\u0103 cum poate ar\u0103ta spa\u021biul t\u0103u c\u00e2nd lucreaz\u0103 pentru tine, nu \u00eempotriva ta.<\/strong><\/p>\n\n\n\n<p><\/p>\n","protected":false},"excerpt":{"rendered":"<p>Bine ai venit \u00een lumea ORiGAMi, locul unde haosul se transform\u0103 \u00een armonie, iar organizarea devine prietenul t\u0103u de n\u0103dejde! [&hellip;]<\/p>\n","protected":false},"author":1,"featured_media":729,"parent":0,"menu_order":0,"comment_status":"closed","ping_status":"closed","template":"","meta":{"site-sidebar-layout":"default","site-content-layout":"","ast-site-content-layout":"default","site-content-style":"default","site-sidebar-style":"default","ast-global-header-display":"","ast-banner-title-visibility":"","ast-main-header-display":"","ast-hfb-above-header-display":"","ast-hfb-below-header-display":"","ast-hfb-mobile-header-display":"","site-post-title":"","ast-breadcrumbs-content":"","ast-featured-img":"","footer-sml-layout":"","ast-disable-related-posts":"","theme-transparent-header-meta":"","adv-header-id-meta":"","stick-header-meta":"","header-above-stick-meta":"","header-main-stick-meta":"","header-below-stick-meta":"","astra-migrate-meta-layouts":"default","ast-page-background-enabled":"default","ast-page-background-meta":{"desktop":{"background-color":"var(--ast-global-color-5)","background-image":"","background-repeat":"repeat","background-position":"center center","background-size":"auto","background-attachment":"scroll","background-type":"","background-media":"","overlay-type":"","overlay-color":"","overlay-opacity":"","overlay-gradient":""},"tablet":{"background-color":"","background-image":"","background-repeat":"repeat","background-position":"center center","background-size":"auto","background-attachment":"scroll","background-type":"","background-media":"","overlay-type":"","overlay-color":"","overlay-opacity":"","overlay-gradient":""},"mobile":{"background-color":"","background-image":"","background-repeat":"repeat","background-position":"center center","background-size":"auto","background-attachment":"scroll","background-type":"","background-media":"","overlay-type":"","overlay-color":"","overlay-opacity":"","overlay-gradient":""}},"ast-content-background-meta":{"desktop":{"background-color":"var(--ast-global-color-4)","background-image":"","background-repeat":"repeat","background-position":"center center","background-size":"auto","background-attachment":"scroll","background-type":"","background-media":"","overlay-type":"","overlay-color":"","overlay-opacity":"","overlay-gradient":""},"tablet":{"background-color":"var(--ast-global-color-4)","background-image":"","background-repeat":"repeat","background-position":"center center","background-size":"auto","background-attachment":"scroll","background-type":"","background-media":"","overlay-type":"","overlay-color":"","overlay-opacity":"","overlay-gradient":""},"mobile":{"background-color":"var(--ast-global-color-4)","background-image":"","background-repeat":"repeat","background-position":"center center","background-size":"auto","background-attachment":"scroll","background-type":"","background-media":"","overlay-type":"","overlay-color":"","overlay-opacity":"","overlay-gradient":""}},"footnotes":""},"class_list":["post-2","page","type-page","status-publish","has-post-thumbnail","hentry"],"_links":{"self":[{"href":"https:\/\/origamispace.ro\/site\/wp-json\/wp\/v2\/pages\/2","targetHints":{"allow":["GET"]}}],"collection":[{"href":"https:\/\/origamispace.ro\/site\/wp-json\/wp\/v2\/pages"}],"about":[{"href":"https:\/\/origamispace.ro\/site\/wp-json\/wp\/v2\/types\/page"}],"author":[{"embeddable":true,"href":"https:\/\/origamispace.ro\/site\/wp-json\/wp\/v2\/users\/1"}],"replies":[{"embeddable":true,"href":"https:\/\/origamispace.ro\/site\/wp-json\/wp\/v2\/comments?post=2"}],"version-history":[{"count":47,"href":"https:\/\/origamispace.ro\/site\/wp-json\/wp\/v2\/pages\/2\/revisions"}],"predecessor-version":[{"id":805,"href":"https:\/\/origamispace.ro\/site\/wp-json\/wp\/v2\/pages\/2\/revisions\/805"}],"wp:featuredmedia":[{"embeddable":true,"href":"https:\/\/origamispace.ro\/site\/wp-json\/wp\/v2\/media\/729"}],"wp:attachment":[{"href":"https:\/\/origamispace.ro\/site\/wp-json\/wp\/v2\/media?parent=2"}],"curies":[{"name":"wp","href":"https:\/\/api.w.org\/{rel}","templated":true}]}}