{"id":12,"date":"2025-06-25T16:55:37","date_gmt":"2025-06-25T14:55:37","guid":{"rendered":"https:\/\/origamispace.ro\/site\/?page_id=12"},"modified":"2026-01-26T12:47:02","modified_gmt":"2026-01-26T10:47:02","slug":"servicii","status":"publish","type":"page","link":"https:\/\/origamispace.ro\/site\/servicii\/","title":{"rendered":"Servicii"},"content":{"rendered":"\n<h4 class=\"wp-block-heading has-text-align-center has-ast-global-color-4-background-color has-background\"><strong>Investi\u021bia care \u00ee\u021bi poate schimba spa\u021biul \u0219i via\u021ba<\/strong>!<\/h4>\n\n\n\n<p>ORiGAMi ofer\u0103 servicii profesionale de organizare \u0219i consultan\u021b\u0103 &#8211; at\u00e2t la fa\u021ba locului, c\u00e2t \u0219i online &#8211; concepute pentru a transforma spa\u021biile \u00een locuri func\u021bionale, curate \u0219i u\u0219or de \u00eentre\u021binut, indiferent de c\u00e2t de mult haos ai acum.<br><\/p>\n\n\n\n<p>Transformarea adus\u0103 de ORiGAMi se simte at\u00e2t \u00een spa\u021biul t\u0103u, c\u00e2t \u0219i \u00een tine. Un mediu armonios creeaz\u0103 lini\u0219te interioar\u0103, claritate mental\u0103 \u0219i energie pentru a face fa\u021b\u0103 mai bine provoc\u0103rilor zilnice. Spa\u021biul organizat devine o surs\u0103 de focus \u0219i inspira\u021bie, ajut\u00e2ndu-te s\u0103 te bucuri de un stil de via\u021b\u0103 mai echilibrat, mai eficient \u0219i mai \u00eemplinitor.<\/p>\n\n\n\n<p class=\"has-ast-global-color-5-background-color has-background\"><strong><strong>1. Op\u021biunea Premium &#8211; Pachet Complet \u201eORiGAMi Total\u201d<\/strong><\/strong><\/p>\n\n\n\n<p>Fiecare spa\u021biu merit\u0103 s\u0103 fie organizat pe m\u0103sura nevoilor tale, iar noi suntem aici s\u0103 te sprijinim \u00een acest proces complet. Fie c\u0103 e vorba de dormitor, buc\u0103t\u0103rie, c\u0103mar\u0103, garaj, birou sau \u00eentreaga cas\u0103, cre\u0103m sisteme care s\u0103 dureze \u0219i transform\u0103m locuin\u021ba ta \u00eentr-un spa\u021biu func\u021bional \u0219i aerisit, creat special pentru tine.<\/p>\n\n\n\n<p>Serviciile incluse acoper\u0103 toate etapele necesare unei organiz\u0103ri durabile:<\/p>\n\n\n\n<ul class=\"wp-block-list\">\n<li>Consultan\u021b\u0103 personalizat\u0103 \u0219i analiz\u0103 detaliat\u0103 a nevoilor tale.<\/li>\n\n\n\n<li>Selec\u021bia \u0219i organizarea obiectelor esen\u021biale.<\/li>\n\n\n\n<li>Organizare cu sisteme practice \u0219i eficiente.<\/li>\n\n\n\n<li>Suport \u0219i follow-up pentru men\u021binerea ordinii pe termen lung.<\/li>\n\n\n\n<li>Prioritate la program\u0103ri \u0219i servicii suplimentare.<\/li>\n<\/ul>\n\n\n\n<p>Include p\u00e2n\u0103 la <strong>10 ore de lucru al\u0103turi de doi organizatori profesioni\u0219ti,\u00a0adic\u0103 20 de ore de energie \u0219i aten\u021bie dedicate organiz\u0103rii spa\u021biului t\u0103u<\/strong>, \u00eemp\u0103r\u021bite \u00eentre consultan\u021b\u0103, decluttering, organizare efectiv\u0103 \u0219i follow-up. Orele suplimentare se pot ad\u0103uga dup\u0103 acordul comun, la un tarif de <strong>200RON\/or\u0103<\/strong> pe echip\u0103.<\/p>\n\n\n\n<p><strong><strong>Pre\u021b: 2500 RON<\/strong><\/strong><\/p>\n\n\n\n<p>E\u0219ti gata s\u0103 transformi complet spa\u021biul t\u0103u?<\/p>\n\n\n\n<div class=\"wp-block-buttons alignwide is-content-justification-center is-layout-flex wp-container-core-buttons-is-layout-a89b3969 wp-block-buttons-is-layout-flex\">\n<div class=\"wp-block-button\"><a class=\"wp-block-button__link wp-element-button\" href=\"https:\/\/wa.me\/40745390861\"><strong>Cere o consulta\u021bie personalizat\u0103!<\/strong><\/a><\/div>\n<\/div>\n\n\n\n<p class=\"has-ast-global-color-5-background-color has-background\"><strong><strong>2. Op\u021biunea Standard &#8211; Pachet \u201eORiGAMi Esen\u021bial\u201d<\/strong><\/strong><\/p>\n\n\n\n<p>Pentru spa\u021biile care au nevoie de o organizare clar\u0103 \u0219i eficient\u0103, ne concentr\u0103m eforturile pe zonele prioritare. Optimiz\u0103m spa\u021biile esen\u021biale pentru a cre\u0219te productivitatea \u0219i confortul t\u0103u, printr-un proces simplu \u0219i eficient care cuprinde:<\/p>\n\n\n\n<ul class=\"wp-block-list\">\n<li>Consultan\u021b\u0103 personalizat\u0103 \u0219i planificarea organiz\u0103rii.<\/li>\n\n\n\n<li>Decluttering \u0219i organizare pe zone prioritare.<\/li>\n\n\n\n<li>Recomand\u0103ri utile pentru men\u021binerea ordinii.<\/li>\n\n\n\n<li>Asisten\u021b\u0103 limitat\u0103 dup\u0103 \u00eencheierea proiectului.<\/li>\n<\/ul>\n\n\n\n<p>Include p\u00e2n\u0103 la <strong>6 ore<\/strong> de lucru, realizate de <strong>doi organizatori profesioni\u0219ti,<\/strong>\u00a0echivalentul a <strong>12 ore de munc\u0103 <\/strong>concentr\u00e2ndu-ne pe zonele prioritare identificate \u00eempreun\u0103, cu suport limitat post-organizare. Orele suplimentare se pot ad\u0103uga dup\u0103 acordul comun, la un tarif de <strong>200RON\/or\u0103<\/strong> pe echip\u0103.<\/p>\n\n\n\n<p>Ideal pentru un apartament, o zon\u0103 mare sau un prim pas spre ordine.<\/p>\n\n\n\n<p><strong><strong>Pre\u021b: 1500 RON<\/strong><\/strong><\/p>\n\n\n\n<p>Vrei s\u0103 \u00eencepi cu pa\u0219i mici \u0219i siguri spre ordine?<\/p>\n\n\n\n<div class=\"wp-block-buttons alignwide is-content-justification-center is-layout-flex wp-container-core-buttons-is-layout-a89b3969 wp-block-buttons-is-layout-flex\">\n<div class=\"wp-block-button\"><a class=\"wp-block-button__link wp-element-button\" href=\"https:\/\/wa.me\/40745390861\"><strong>Da, vreau pachetul!<\/strong><\/a><\/div>\n<\/div>\n\n\n\n<hr class=\"wp-block-separator has-text-color has-white-color has-alpha-channel-opacity has-white-background-color has-background\"\/>\n\n\n\n<p class=\"has-ast-global-color-5-background-color has-background\"><strong>3. Consultan\u021b\u0103 Online &#8211; Pachet \u201eORiGAMi Digital\u201d<\/strong> <\/p>\n\n\n\n<p>Indiferent unde te afli sau dac\u0103 vrei s\u0103 lucrezi \u00een ritmul t\u0103u, \u00ee\u021bi oferim sesiuni online de organizare personalizat\u0103, cu sprijin profesional pas cu pas. Te ajut\u0103m s\u0103-\u021bi transformi spa\u021biul de la distan\u021b\u0103, prin \u00eendrumare clar\u0103 \u0219i adaptat\u0103 locuin\u021bei, nevoilor \u0219i stilului t\u0103u de via\u021b\u0103.<br>Fie c\u0103 e vorba de un dressing, birou, camer\u0103 de zi sau c\u0103mar\u0103, vei primi un plan clar, solu\u021bii adaptate nevoilor tale \u0219i sprijin pe parcursul procesului.<\/p>\n\n\n\n<p>Prin \u00eent\u00e2lniri video \u0219i ghidaj personalizat, te ajut\u0103m s\u0103 ob\u021bii claritate, structur\u0103 \u0219i solu\u021bii eficiente pentru spa\u021biul t\u0103u, indiferent unde te afli. Este op\u021biunea perfect\u0103 \u0219i pentru persoanele care locuiesc \u00een <strong>alte localit\u0103\u021bi sau chiar \u00een afara \u021b\u0103rii<\/strong>, dar \u00ee\u0219i doresc s\u0103 beneficieze de sprijinul nostru direct.<\/p>\n\n\n\n<p>Serviciile includ:<\/p>\n\n\n\n<ul class=\"wp-block-list\">\n<li>Consultan\u021b\u0103 video ini\u021bial\u0103 (analiza spa\u021biului \u0219i identificarea priorit\u0103\u021bilor).<\/li>\n\n\n\n<li>Plan personalizat de sortare \u0219i reorganizare.<\/li>\n\n\n\n<li>Recomand\u0103ri de produse \u0219i sisteme de organizare potrivite.<\/li>\n\n\n\n<li>Ghidaj prin sesiuni online.<\/li>\n<\/ul>\n\n\n\n<p>Organizare profesional\u0103, oriunde te-ai afla.<\/p>\n\n\n\n<p><strong>Pre\u021b: 1.000 RON\/spa\u021biu<\/strong><\/p>\n\n\n\n<p>Vrei s\u0103-\u021bi transformi spa\u021biul, f\u0103r\u0103 s\u0103 a\u0219tep\u021bi o vizit\u0103 la fa\u021ba locului?<\/p>\n\n\n\n<div class=\"wp-block-buttons is-content-justification-center is-layout-flex wp-container-core-buttons-is-layout-a89b3969 wp-block-buttons-is-layout-flex\">\n<div class=\"wp-block-button\"><a class=\"wp-block-button__link wp-element-button\" href=\"https:\/\/wa.me\/40745390861\"><strong>Programeaz\u0103-te!<\/strong><\/a><\/div>\n<\/div>\n\n\n\n<hr class=\"wp-block-separator has-text-color has-white-color has-alpha-channel-opacity has-white-background-color has-background\"\/>\n\n\n\n<p class=\"has-ast-global-color-5-background-color has-background\"><strong><strong>4. Asisten\u021b\u0103 profesional\u0103 pentru mut\u0103ri \u0219i reloc\u0103ri<\/strong><\/strong><\/p>\n\n\n\n<p>Te ajut\u0103m s\u0103 treci u\u0219or prin procesul de mutare, cu planificare detaliat\u0103 \u0219i sus\u021binere pas cu pas. Sort\u0103m, \u00eempachet\u0103m \u0219i etichet\u0103m eficient, pentru ca despachetarea s\u0103 fie la fel de simpl\u0103.<\/p>\n\n\n\n<p>Cu sprijinul nostru, mutarea devine o experien\u021b\u0103 organizat\u0103 \u0219i lipsit\u0103 de griji. Iat\u0103 cum ne ocup\u0103m de tot, pas cu pas:<\/p>\n\n\n\n<ul class=\"wp-block-list\">\n<li>Planificarea ambal\u0103rii \u0219i sortarea obiectelor pe categorii (p\u0103strat, donat, aruncat).<\/li>\n\n\n\n<li>Ambalare \u0219i etichetare cutii cu sistem clar.<\/li>\n\n\n\n<li>Planificarea despachet\u0103rii.<\/li>\n\n\n\n<li>Despachetare asistat\u0103 la fa\u021ba locului.<\/li>\n<\/ul>\n\n\n\n<p>Poate fi combinat cu pachetele de organizare.<\/p>\n\n\n\n<p><strong><strong>Pre\u021b: 250 RON\/or\u0103<\/strong><\/strong><\/p>\n\n\n\n<p>Facem mutarea ta mai u\u0219oar\u0103!<\/p>\n\n\n\n<div class=\"wp-block-buttons alignwide is-content-justification-center is-layout-flex wp-container-core-buttons-is-layout-a89b3969 wp-block-buttons-is-layout-flex\">\n<div class=\"wp-block-button\"><a class=\"wp-block-button__link wp-element-button\" href=\"https:\/\/wa.me\/40745390861\"><strong>Scrie-ne aici!<\/strong><\/a><\/div>\n<\/div>\n\n\n\n<hr class=\"wp-block-separator has-text-color has-white-color has-alpha-channel-opacity has-white-background-color has-background\"\/>\n\n\n\n<p class=\"has-ast-global-color-5-background-color has-background\"><strong><strong>5. Sesiuni de \u00eentre\u021binere &#8211; Ordine care r\u0103m\u00e2ne<\/strong><\/strong><\/p>\n\n\n\n<p>Via\u021ba se schimb\u0103 constant. Copiii cresc, apar noi oportunit\u0103\u021bi de munc\u0103, uneori un animal de companie devine parte din familie. Iar spa\u021biul organizat anterior are nevoie s\u0103 \u021bin\u0103 pasul cu toate aceste schimb\u0103ri. <br>Pachetele noastre de mentenan\u021b\u0103 sunt g\u00e2ndite s\u0103 te ajute s\u0103 p\u0103strezi func\u021bionalitatea spa\u021biului t\u0103u. \u00ce\u021bi oferim sesiuni personalizate care s\u0103 asigure acest echilibru, prin:<\/p>\n\n\n\n<ul class=\"wp-block-list\">\n<li>Re\u00eemprosp\u0103tarea \u0219i ajustarea sistemelor existente \u00een sesiuni de 4-6 ore.<\/li>\n\n\n\n<li>Ghidaj practic \u0219i transfer de cuno\u0219tin\u021be pentru autonomie crescut\u0103 \u00een men\u021binerea ordinii.<\/li>\n\n\n\n<li>Programare prioritar\u0103.<\/li>\n<\/ul>\n\n\n\n<p>Recomandat persoanelor care au beneficiat de un pachet de organizare ORiGAMi \u00een <strong>ultimele 6 luni<\/strong>.<\/p>\n\n\n\n<p><strong><strong>Pre\u021b: <strong><strong>1000 RON\/sesiune de 4-6ore<\/strong><\/strong>.<\/strong><\/strong><\/p>\n\n\n\n<p>Men\u021bine ordinea cu u\u0219urin\u021b\u0103!<\/p>\n\n\n\n<div class=\"wp-block-buttons alignwide is-content-justification-center is-layout-flex wp-container-core-buttons-is-layout-a89b3969 wp-block-buttons-is-layout-flex\">\n<div class=\"wp-block-button\"><a class=\"wp-block-button__link wp-element-button\" href=\"https:\/\/wa.me\/40745390861\"><strong>V\u0103 mai a\u0219tept!<\/strong><\/a><\/div>\n<\/div>\n\n\n\n<p class=\"has-text-align-center\"><\/p>\n\n\n\n<p class=\"has-text-align-center\"><strong><strong>Nu mai am\u00e2na transformarea spa\u021biului t\u0103u!<\/strong><\/strong><\/p>\n\n\n\n<div class=\"wp-block-buttons alignwide is-content-justification-center is-layout-flex wp-container-core-buttons-is-layout-a89b3969 wp-block-buttons-is-layout-flex\">\n<div class=\"wp-block-button\"><a class=\"wp-block-button__link wp-element-button\" href=\"https:\/\/wa.me\/40745390861\"><strong>Programeaz\u0103 un mini-call!<\/strong><\/a><\/div>\n<\/div>\n\n\n\n<p>&nbsp;<\/p>\n\n\n\n<p><\/p>\n","protected":false},"excerpt":{"rendered":"<p>Investi\u021bia care \u00ee\u021bi poate schimba spa\u021biul \u0219i via\u021ba! ORiGAMi ofer\u0103 servicii profesionale de organizare \u0219i consultan\u021b\u0103 &#8211; at\u00e2t la fa\u021ba [&hellip;]<\/p>\n","protected":false},"author":1,"featured_media":661,"parent":0,"menu_order":0,"comment_status":"closed","ping_status":"closed","template":"","meta":{"site-sidebar-layout":"default","site-content-layout":"","ast-site-content-layout":"default","site-content-style":"default","site-sidebar-style":"default","ast-global-header-display":"","ast-banner-title-visibility":"","ast-main-header-display":"","ast-hfb-above-header-display":"","ast-hfb-below-header-display":"","ast-hfb-mobile-header-display":"","site-post-title":"","ast-breadcrumbs-content":"","ast-featured-img":"","footer-sml-layout":"","ast-disable-related-posts":"","theme-transparent-header-meta":"","adv-header-id-meta":"","stick-header-meta":"","header-above-stick-meta":"","header-main-stick-meta":"","header-below-stick-meta":"","astra-migrate-meta-layouts":"default","ast-page-background-enabled":"default","ast-page-background-meta":{"desktop":{"background-color":"var(--ast-global-color-5)","background-image":"","background-repeat":"repeat","background-position":"center center","background-size":"auto","background-attachment":"scroll","background-type":"","background-media":"","overlay-type":"","overlay-color":"","overlay-opacity":"","overlay-gradient":""},"tablet":{"background-color":"","background-image":"","background-repeat":"repeat","background-position":"center center","background-size":"auto","background-attachment":"scroll","background-type":"","background-media":"","overlay-type":"","overlay-color":"","overlay-opacity":"","overlay-gradient":""},"mobile":{"background-color":"","background-image":"","background-repeat":"repeat","background-position":"center center","background-size":"auto","background-attachment":"scroll","background-type":"","background-media":"","overlay-type":"","overlay-color":"","overlay-opacity":"","overlay-gradient":""}},"ast-content-background-meta":{"desktop":{"background-color":"var(--ast-global-color-4)","background-image":"","background-repeat":"repeat","background-position":"center center","background-size":"auto","background-attachment":"scroll","background-type":"","background-media":"","overlay-type":"","overlay-color":"","overlay-opacity":"","overlay-gradient":""},"tablet":{"background-color":"var(--ast-global-color-4)","background-image":"","background-repeat":"repeat","background-position":"center center","background-size":"auto","background-attachment":"scroll","background-type":"","background-media":"","overlay-type":"","overlay-color":"","overlay-opacity":"","overlay-gradient":""},"mobile":{"background-color":"var(--ast-global-color-4)","background-image":"","background-repeat":"repeat","background-position":"center center","background-size":"auto","background-attachment":"scroll","background-type":"","background-media":"","overlay-type":"","overlay-color":"","overlay-opacity":"","overlay-gradient":""}},"footnotes":""},"class_list":["post-12","page","type-page","status-publish","has-post-thumbnail","hentry"],"_links":{"self":[{"href":"https:\/\/origamispace.ro\/site\/wp-json\/wp\/v2\/pages\/12","targetHints":{"allow":["GET"]}}],"collection":[{"href":"https:\/\/origamispace.ro\/site\/wp-json\/wp\/v2\/pages"}],"about":[{"href":"https:\/\/origamispace.ro\/site\/wp-json\/wp\/v2\/types\/page"}],"author":[{"embeddable":true,"href":"https:\/\/origamispace.ro\/site\/wp-json\/wp\/v2\/users\/1"}],"replies":[{"embeddable":true,"href":"https:\/\/origamispace.ro\/site\/wp-json\/wp\/v2\/comments?post=12"}],"version-history":[{"count":122,"href":"https:\/\/origamispace.ro\/site\/wp-json\/wp\/v2\/pages\/12\/revisions"}],"predecessor-version":[{"id":720,"href":"https:\/\/origamispace.ro\/site\/wp-json\/wp\/v2\/pages\/12\/revisions\/720"}],"wp:featuredmedia":[{"embeddable":true,"href":"https:\/\/origamispace.ro\/site\/wp-json\/wp\/v2\/media\/661"}],"wp:attachment":[{"href":"https:\/\/origamispace.ro\/site\/wp-json\/wp\/v2\/media?parent=12"}],"curies":[{"name":"wp","href":"https:\/\/api.w.org\/{rel}","templated":true}]}}